{"id":12,"date":"2018-06-29T21:35:17","date_gmt":"2018-06-29T21:35:17","guid":{"rendered":"https:\/\/instituto.escaneame.ar\/?page_id=12"},"modified":"2022-08-08T23:24:11","modified_gmt":"2022-08-08T23:24:11","slug":"profesorado-de-tecnologia","status":"publish","type":"page","link":"https:\/\/instituto.escaneame.ar\/?page_id=12","title":{"rendered":"PROFESORADO DE EDUC. TECNOL\u00d3GICA"},"content":{"rendered":"<p><strong><em>Plan de estudios del Profesorado de Educaci\u00f3n Tecnol\u00f3gica &#8211;\u00a0RESOLUCI\u00d3N 4798\/15 CGE<\/em><\/strong><\/p>\n<p>Primer a\u00f1o:<\/p>\n<ul>\n<li>Pedagog\u00eda<\/li>\n<li>Corporeidad, juegos y lenguajes art\u00edsticos<\/li>\n<li>Oralidad, lectura, escritura y TIC<\/li>\n<li>Did\u00e1ctica General<\/li>\n<li>Estudios socioculturales de la Tecnolog\u00eda<\/li>\n<li>Procesos y Tecnolog\u00edas I<\/li>\n<li>Educaci\u00f3n Tecnol\u00f3gica<\/li>\n<li>Dise\u00f1o y Construcci\u00f3n de modelos I<\/li>\n<li>Matem\u00e1tica<\/li>\n<li>Pr\u00e1ctica profesional docente I<\/li>\n<\/ul>\n<hr \/>\n<p>Segundo a\u00f1o:<\/p>\n<ul>\n<li>Filosof\u00eda<\/li>\n<li>Historia social, pol\u00edtica argentina y latinoamericana<\/li>\n<li>Psicolog\u00eda de la Educaci\u00f3n<\/li>\n<li>Procesos y Tecnolog\u00edas II<\/li>\n<li>Did\u00e1ctica de la Ed. Tecnol\u00f3gica I<\/li>\n<li>Sujeto de la Educaci\u00f3n<\/li>\n<li>Dise\u00f1o y Construcci\u00f3n de modelos II<\/li>\n<li>F\u00edsica I<\/li>\n<li>Estudios socio-hist\u00f3ricos de la Tecnolog\u00eda<\/li>\n<li>Pr\u00e1ctica profesional docente II<\/li>\n<\/ul>\n<hr \/>\n<p>Tercer a\u00f1o:<\/p>\n<ul>\n<li>Sociolog\u00eda de la Educaci\u00f3n<\/li>\n<li>Historia de la educaci\u00f3n argentina<\/li>\n<li>Derechos humanos: \u00e9tica y ciudadan\u00eda<\/li>\n<li>Procesos y Tecnolog\u00edas III<\/li>\n<li>Procesos y tecnolog\u00edas de control, programaci\u00f3n y rob\u00f3tica<\/li>\n<li>Did\u00e1ctica de la Educaci\u00f3n tecnol\u00f3gica \u00a0II<\/li>\n<li>F\u00edsica II<\/li>\n<li>UDI: Teolog\u00eda I<\/li>\n<li>Pr\u00e1ctica Prof. Docente III<\/li>\n<\/ul>\n<hr \/>\n<p>Cuarto a\u00f1o:<\/p>\n<ul>\n<li>An\u00e1lisis y organizaci\u00f3n de las instituciones educativas.<\/li>\n<li>Educaci\u00f3n sexual integral<\/li>\n<li>Filosof\u00eda y Epistemolog\u00eda de la Tecnolog\u00eda<\/li>\n<li>Procesos y Tecnolog\u00edas de la informaci\u00f3n y las comunicaciones.<\/li>\n<li>Investigaci\u00f3n y desarrollo en ciencia y Tecnolog\u00eda<\/li>\n<li>Procesos y operaciones unitarias<\/li>\n<li>UDI: Teolog\u00eda II<\/li>\n<li>Pr\u00e1ctica profesional docente IV. Residencia<\/li>\n<\/ul>\n","protected":false},"excerpt":{"rendered":"<p>Plan de estudios del Profesorado de Educaci\u00f3n Tecnol\u00f3gica &#8211;\u00a0RESOLUCI\u00d3N 4798\/15 CGE Primer a\u00f1o: Pedagog\u00eda Corporeidad, juegos y lenguajes art\u00edsticos Oralidad, lectura, escritura y TIC Did\u00e1ctica General Estudios socioculturales de la Tecnolog\u00eda Procesos y Tecnolog\u00edas I Educaci\u00f3n Tecnol\u00f3gica Dise\u00f1o y Construcci\u00f3n de modelos I Matem\u00e1tica Pr\u00e1ctica profesional docente I Segundo a\u00f1o: Filosof\u00eda Historia social, pol\u00edtica argentina [&hellip;]<\/p>\n","protected":false},"author":1,"featured_media":0,"parent":0,"menu_order":0,"comment_status":"closed","ping_status":"closed","template":"","meta":{"footnotes":""},"class_list":["post-12","page","type-page","status-publish","hentry"],"_links":{"self":[{"href":"https:\/\/instituto.escaneame.ar\/index.php?rest_route=\/wp\/v2\/pages\/12","targetHints":{"allow":["GET"]}}],"collection":[{"href":"https:\/\/instituto.escaneame.ar\/index.php?rest_route=\/wp\/v2\/pages"}],"about":[{"href":"https:\/\/instituto.escaneame.ar\/index.php?rest_route=\/wp\/v2\/types\/page"}],"author":[{"embeddable":true,"href":"https:\/\/instituto.escaneame.ar\/index.php?rest_route=\/wp\/v2\/users\/1"}],"replies":[{"embeddable":true,"href":"https:\/\/instituto.escaneame.ar\/index.php?rest_route=%2Fwp%2Fv2%2Fcomments&post=12"}],"version-history":[{"count":5,"href":"https:\/\/instituto.escaneame.ar\/index.php?rest_route=\/wp\/v2\/pages\/12\/revisions"}],"predecessor-version":[{"id":313,"href":"https:\/\/instituto.escaneame.ar\/index.php?rest_route=\/wp\/v2\/pages\/12\/revisions\/313"}],"wp:attachment":[{"href":"https:\/\/instituto.escaneame.ar\/index.php?rest_route=%2Fwp%2Fv2%2Fmedia&parent=12"}],"curies":[{"name":"wp","href":"https:\/\/api.w.org\/{rel}","templated":true}]}}